{"id":2270,"date":"2021-10-27T22:39:22","date_gmt":"2021-10-27T22:39:22","guid":{"rendered":"http:\/\/www.ayfatibbicihazlar.com.tr\/?page_id=2270"},"modified":"2021-10-27T23:22:11","modified_gmt":"2021-10-27T23:22:11","slug":"profosyonel-lehimcilik-egitimi","status":"publish","type":"page","link":"http:\/\/www.ayfatibbicihazlar.com.tr\/index.php\/profosyonel-lehimcilik-egitimi\/","title":{"rendered":"Profosyonel Lehimcilik E\u011fitimi"},"content":{"rendered":"\t\t<div data-elementor-type=\"wp-post\" data-elementor-id=\"2270\" class=\"elementor elementor-2270\" data-elementor-settings=\"[]\">\n\t\t\t\t\t\t\t<div class=\"elementor-section-wrap\">\n\t\t\t\t\t\t\t<section class=\"elementor-section elementor-top-section elementor-element elementor-element-249a363 elementor-section-boxed elementor-section-height-default elementor-section-height-default\" data-id=\"249a363\" data-element_type=\"section\" data-settings=\"{&quot;background_background&quot;:&quot;classic&quot;}\">\n\t\t\t\t\t\t\t<div class=\"elementor-background-overlay\"><\/div>\n\t\t\t\t\t\t\t<div class=\"elementor-container elementor-column-gap-default\">\n\t\t\t\t\t<div class=\"elementor-column elementor-col-100 elementor-top-column elementor-element elementor-element-f026dd9\" data-id=\"f026dd9\" data-element_type=\"column\">\n\t\t\t<div class=\"elementor-widget-wrap elementor-element-populated\">\n\t\t\t\t\t\t\t\t<div class=\"elementor-element elementor-element-b06f759 elementor-widget elementor-widget-heading\" data-id=\"b06f759\" data-element_type=\"widget\" data-widget_type=\"heading.default\">\n\t\t\t\t<div class=\"elementor-widget-container\">\n\t\t\t<h2 class=\"elementor-heading-title elementor-size-default\">Profosyonel Lehimcilik E\u011fitimi<\/h2>\t\t<\/div>\n\t\t\t\t<\/div>\n\t\t\t\t\t<\/div>\n\t\t<\/div>\n\t\t\t\t\t\t\t<\/div>\n\t\t<\/section>\n\t\t\t\t<section class=\"elementor-section elementor-top-section elementor-element elementor-element-d7973a8 elementor-section-boxed elementor-section-height-default elementor-section-height-default\" data-id=\"d7973a8\" data-element_type=\"section\">\n\t\t\t\t\t\t<div class=\"elementor-container elementor-column-gap-default\">\n\t\t\t\t\t<div class=\"elementor-column elementor-col-100 elementor-top-column elementor-element elementor-element-5031bb6\" data-id=\"5031bb6\" data-element_type=\"column\">\n\t\t\t<div class=\"elementor-widget-wrap elementor-element-populated\">\n\t\t\t\t\t\t\t\t<div class=\"elementor-element elementor-element-37a7e0d elementor-widget elementor-widget-spacer\" data-id=\"37a7e0d\" data-element_type=\"widget\" data-widget_type=\"spacer.default\">\n\t\t\t\t<div class=\"elementor-widget-container\">\n\t\t\t\t\t<div class=\"elementor-spacer\">\n\t\t\t<div class=\"elementor-spacer-inner\"><\/div>\n\t\t<\/div>\n\t\t\t\t<\/div>\n\t\t\t\t<\/div>\n\t\t\t\t\t<\/div>\n\t\t<\/div>\n\t\t\t\t\t\t\t<\/div>\n\t\t<\/section>\n\t\t\t\t<section class=\"elementor-section elementor-top-section elementor-element elementor-element-ee0656d elementor-section-boxed elementor-section-height-default elementor-section-height-default\" data-id=\"ee0656d\" data-element_type=\"section\">\n\t\t\t\t\t\t<div class=\"elementor-container elementor-column-gap-default\">\n\t\t\t\t\t<div class=\"elementor-column elementor-col-100 elementor-top-column elementor-element elementor-element-541e9a5\" data-id=\"541e9a5\" data-element_type=\"column\">\n\t\t\t<div class=\"elementor-widget-wrap elementor-element-populated\">\n\t\t\t\t\t\t\t\t<div class=\"elementor-element elementor-element-888f264 elementor-widget elementor-widget-text-editor\" data-id=\"888f264\" data-element_type=\"widget\" data-widget_type=\"text-editor.default\">\n\t\t\t\t<div class=\"elementor-widget-container\">\n\t\t\t\t\t\t\t<p><!-- wp:paragraph --><\/p>\n<p>Her t\u00fcrl\u00fc elektronik kart \u00fczerinde bulunan malzemenin (y\u00fczey montajl\u0131 ya da dip k\u0131l\u0131fl\u0131) kart y\u00fczeyine do\u011fru tutunabilmesi ve elektriksel iletkenli\u011finin sa\u011flanmas\u0131 konulu uygulamal\u0131 bir e\u011fitimdir.<\/p>\n<p><strong>\u0130\u00c7ER\u0130K:<\/strong><\/p>\n<ul>\n<li>Lehime haz\u0131rl\u0131k<\/li>\n<li>Lehimde yedi kural<\/li>\n<li>Lehimleme ekipmanlar\u0131 ve kimyasallar<\/li>\n<li>Dip k\u0131l\u0131fl\u0131 malzeme lehimleme teknikleri<\/li>\n<li>Y\u00fczey montajl\u0131 malzeme lehimleme teknikleri<\/li>\n<li>\u0130leri teknolojili BGA k\u0131l\u0131fl\u0131 malzemelerin lehimleme ve s\u00f6kme teknikleri<\/li>\n<\/ul>\t\t\t\t\t\t<\/div>\n\t\t\t\t<\/div>\n\t\t\t\t\t<\/div>\n\t\t<\/div>\n\t\t\t\t\t\t\t<\/div>\n\t\t<\/section>\n\t\t\t\t<section class=\"elementor-section elementor-top-section elementor-element elementor-element-bf9ef5b elementor-section-boxed elementor-section-height-default elementor-section-height-default\" data-id=\"bf9ef5b\" data-element_type=\"section\" data-settings=\"{&quot;background_background&quot;:&quot;classic&quot;}\">\n\t\t\t\t\t\t\t<div class=\"elementor-background-overlay\"><\/div>\n\t\t\t\t\t\t\t<div class=\"elementor-container elementor-column-gap-default\">\n\t\t\t\t\t<div class=\"elementor-column elementor-col-100 elementor-top-column elementor-element elementor-element-6e51def\" data-id=\"6e51def\" data-element_type=\"column\">\n\t\t\t<div class=\"elementor-widget-wrap elementor-element-populated\">\n\t\t\t\t\t\t\t\t<div class=\"elementor-element elementor-element-f755e56 elementor-widget elementor-widget-spacer\" data-id=\"f755e56\" data-element_type=\"widget\" data-widget_type=\"spacer.default\">\n\t\t\t\t<div class=\"elementor-widget-container\">\n\t\t\t\t\t<div class=\"elementor-spacer\">\n\t\t\t<div class=\"elementor-spacer-inner\"><\/div>\n\t\t<\/div>\n\t\t\t\t<\/div>\n\t\t\t\t<\/div>\n\t\t\t\t<div class=\"elementor-element elementor-element-08a67db elementor-widget elementor-widget-heading\" data-id=\"08a67db\" data-element_type=\"widget\" data-widget_type=\"heading.default\">\n\t\t\t\t<div class=\"elementor-widget-container\">\n\t\t\t<h2 class=\"elementor-heading-title elementor-size-default\"><span style=\"white-space: normal;\">AYFA T\u0131bbi Cihazlar<\/span><\/h2>\t\t<\/div>\n\t\t\t\t<\/div>\n\t\t\t\t<div class=\"elementor-element elementor-element-3a1940a elementor-widget elementor-widget-text-editor\" data-id=\"3a1940a\" data-element_type=\"widget\" data-widget_type=\"text-editor.default\">\n\t\t\t\t<div class=\"elementor-widget-container\">\n\t\t\t\t\t\t\t<p>Telefon: +90 (312) 395 18 80<br>E-Mail: info@ayfatibbicihazlar.com.t<br><\/p>\t\t\t\t\t\t<\/div>\n\t\t\t\t<\/div>\n\t\t\t\t<div class=\"elementor-element elementor-element-5be06cd elementor-shape-rounded elementor-grid-0 e-grid-align-center elementor-widget elementor-widget-social-icons\" data-id=\"5be06cd\" data-element_type=\"widget\" data-widget_type=\"social-icons.default\">\n\t\t\t\t<div class=\"elementor-widget-container\">\n\t\t\t\t\t<div class=\"elementor-social-icons-wrapper elementor-grid\">\n\t\t\t\t\t\t\t<span class=\"elementor-grid-item\">\n\t\t\t\t\t<a class=\"elementor-icon elementor-social-icon elementor-social-icon-facebook elementor-repeater-item-c2423a0\" href=\"http:\/\/www.facebook.com\/templatesnext\/\" target=\"_blank\">\n\t\t\t\t\t\t<span class=\"elementor-screen-only\">Facebook<\/span>\n\t\t\t\t\t\t\t\t\t\t\t\t\t<i class=\"fa fa-facebook\"><\/i>\n\t\t\t\t\t\t\t\t\t\t\t<\/a>\n\t\t\t\t<\/span>\n\t\t\t\t\t\t\t<span class=\"elementor-grid-item\">\n\t\t\t\t\t<a class=\"elementor-icon elementor-social-icon elementor-social-icon-twitter elementor-repeater-item-d0d8918\" target=\"_blank\">\n\t\t\t\t\t\t<span class=\"elementor-screen-only\">Twitter<\/span>\n\t\t\t\t\t\t\t\t\t\t\t\t\t<i class=\"fa fa-twitter\"><\/i>\n\t\t\t\t\t\t\t\t\t\t\t<\/a>\n\t\t\t\t<\/span>\n\t\t\t\t\t\t\t<span class=\"elementor-grid-item\">\n\t\t\t\t\t<a class=\"elementor-icon elementor-social-icon elementor-social-icon-google-plus elementor-repeater-item-1706f4d\" target=\"_blank\">\n\t\t\t\t\t\t<span class=\"elementor-screen-only\">Google-plus<\/span>\n\t\t\t\t\t\t\t\t\t\t\t\t\t<i class=\"fa fa-google-plus\"><\/i>\n\t\t\t\t\t\t\t\t\t\t\t<\/a>\n\t\t\t\t<\/span>\n\t\t\t\t\t\t\t<span class=\"elementor-grid-item\">\n\t\t\t\t\t<a class=\"elementor-icon elementor-social-icon elementor-social-icon-youtube elementor-repeater-item-5d13585\" target=\"_blank\">\n\t\t\t\t\t\t<span class=\"elementor-screen-only\">Youtube<\/span>\n\t\t\t\t\t\t\t\t\t\t\t\t\t<i class=\"fa fa-youtube\"><\/i>\n\t\t\t\t\t\t\t\t\t\t\t<\/a>\n\t\t\t\t<\/span>\n\t\t\t\t\t\t\t<span class=\"elementor-grid-item\">\n\t\t\t\t\t<a class=\"elementor-icon elementor-social-icon elementor-social-icon-github elementor-repeater-item-cc0f23a\" target=\"_blank\">\n\t\t\t\t\t\t<span class=\"elementor-screen-only\">Github<\/span>\n\t\t\t\t\t\t\t\t\t\t\t\t\t<i class=\"fa fa-github\"><\/i>\n\t\t\t\t\t\t\t\t\t\t\t<\/a>\n\t\t\t\t<\/span>\n\t\t\t\t\t<\/div>\n\t\t\t\t<\/div>\n\t\t\t\t<\/div>\n\t\t\t\t<div class=\"elementor-element elementor-element-891642e elementor-widget elementor-widget-spacer\" data-id=\"891642e\" data-element_type=\"widget\" data-widget_type=\"spacer.default\">\n\t\t\t\t<div class=\"elementor-widget-container\">\n\t\t\t\t\t<div class=\"elementor-spacer\">\n\t\t\t<div class=\"elementor-spacer-inner\"><\/div>\n\t\t<\/div>\n\t\t\t\t<\/div>\n\t\t\t\t<\/div>\n\t\t\t\t\t<\/div>\n\t\t<\/div>\n\t\t\t\t\t\t\t<\/div>\n\t\t<\/section>\n\t\t\t\t\t\t<\/div>\n\t\t\t\t\t<\/div>\n\t\t","protected":false},"excerpt":{"rendered":"<p>Profosyonel Lehimcilik E\u011fitimi Her t\u00fcrl\u00fc elektronik kart \u00fczerinde bulunan malzemenin (y\u00fczey montajl\u0131 ya da dip k\u0131l\u0131fl\u0131) kart y\u00fczeyine do\u011fru tutunabilmesi ve elektriksel iletkenli\u011finin sa\u011flanmas\u0131 konulu uygulamal\u0131 bir e\u011fitimdir. \u0130\u00c7ER\u0130K: Lehime haz\u0131rl\u0131k Lehimde<a class=\"moretag\" href=\"http:\/\/www.ayfatibbicihazlar.com.tr\/index.php\/profosyonel-lehimcilik-egitimi\/\">Read More&#8230;<\/a><\/p>\n","protected":false},"author":1,"featured_media":0,"parent":0,"menu_order":0,"comment_status":"closed","ping_status":"closed","template":"page_full-width.php","meta":[],"_links":{"self":[{"href":"http:\/\/www.ayfatibbicihazlar.com.tr\/index.php\/wp-json\/wp\/v2\/pages\/2270"}],"collection":[{"href":"http:\/\/www.ayfatibbicihazlar.com.tr\/index.php\/wp-json\/wp\/v2\/pages"}],"about":[{"href":"http:\/\/www.ayfatibbicihazlar.com.tr\/index.php\/wp-json\/wp\/v2\/types\/page"}],"author":[{"embeddable":true,"href":"http:\/\/www.ayfatibbicihazlar.com.tr\/index.php\/wp-json\/wp\/v2\/users\/1"}],"replies":[{"embeddable":true,"href":"http:\/\/www.ayfatibbicihazlar.com.tr\/index.php\/wp-json\/wp\/v2\/comments?post=2270"}],"version-history":[{"count":7,"href":"http:\/\/www.ayfatibbicihazlar.com.tr\/index.php\/wp-json\/wp\/v2\/pages\/2270\/revisions"}],"predecessor-version":[{"id":2295,"href":"http:\/\/www.ayfatibbicihazlar.com.tr\/index.php\/wp-json\/wp\/v2\/pages\/2270\/revisions\/2295"}],"wp:attachment":[{"href":"http:\/\/www.ayfatibbicihazlar.com.tr\/index.php\/wp-json\/wp\/v2\/media?parent=2270"}],"curies":[{"name":"wp","href":"https:\/\/api.w.org\/{rel}","templated":true}]}}