{"id":2575,"date":"2022-01-31T13:44:26","date_gmt":"2022-01-31T13:44:26","guid":{"rendered":"http:\/\/www.ayfatibbicihazlar.com.tr\/?page_id=2575"},"modified":"2022-01-31T13:50:06","modified_gmt":"2022-01-31T13:50:06","slug":"pcb-repair","status":"publish","type":"page","link":"http:\/\/www.ayfatibbicihazlar.com.tr\/index.php\/pcb-repair\/","title":{"rendered":"PCB REPAIR"},"content":{"rendered":"\t\t<div data-elementor-type=\"wp-post\" data-elementor-id=\"2575\" class=\"elementor elementor-2575\" data-elementor-settings=\"[]\">\n\t\t\t\t\t\t\t<div class=\"elementor-section-wrap\">\n\t\t\t\t\t\t\t<section class=\"elementor-section elementor-top-section elementor-element elementor-element-249a363 elementor-section-boxed elementor-section-height-default elementor-section-height-default\" data-id=\"249a363\" data-element_type=\"section\" data-settings=\"{&quot;background_background&quot;:&quot;classic&quot;}\">\n\t\t\t\t\t\t\t<div class=\"elementor-background-overlay\"><\/div>\n\t\t\t\t\t\t\t<div class=\"elementor-container elementor-column-gap-default\">\n\t\t\t\t\t<div class=\"elementor-column elementor-col-100 elementor-top-column elementor-element elementor-element-f026dd9\" data-id=\"f026dd9\" data-element_type=\"column\">\n\t\t\t<div class=\"elementor-widget-wrap elementor-element-populated\">\n\t\t\t\t\t\t\t\t<div class=\"elementor-element elementor-element-a32a6be elementor-widget elementor-widget-heading\" data-id=\"a32a6be\" data-element_type=\"widget\" data-widget_type=\"heading.default\">\n\t\t\t\t<div class=\"elementor-widget-container\">\n\t\t\t<h2 class=\"elementor-heading-title elementor-size-default\">PCB<\/h2>\t\t<\/div>\n\t\t\t\t<\/div>\n\t\t\t\t\t<\/div>\n\t\t<\/div>\n\t\t\t\t\t\t\t<\/div>\n\t\t<\/section>\n\t\t\t\t<section class=\"elementor-section elementor-top-section elementor-element elementor-element-5d62c18 elementor-section-boxed elementor-section-height-default elementor-section-height-default\" data-id=\"5d62c18\" data-element_type=\"section\">\n\t\t\t\t\t\t<div class=\"elementor-container elementor-column-gap-default\">\n\t\t\t\t\t<div class=\"elementor-column elementor-col-100 elementor-top-column elementor-element elementor-element-f75fa4a\" data-id=\"f75fa4a\" data-element_type=\"column\">\n\t\t\t<div class=\"elementor-widget-wrap elementor-element-populated\">\n\t\t\t\t\t\t\t\t<div class=\"elementor-element elementor-element-f636e0b elementor-widget elementor-widget-text-editor\" data-id=\"f636e0b\" data-element_type=\"widget\" data-widget_type=\"text-editor.default\">\n\t\t\t\t<div class=\"elementor-widget-container\">\n\t\t\t\t\t\t\t<p>Profesyonel ekipmanlar ile alan\u0131nda uzman ve e\u011fitimli personellerimiz ile PCB elektronik kart onar\u0131m hizmeti sunmaktay\u0131z.<\/p>\t\t\t\t\t\t<\/div>\n\t\t\t\t<\/div>\n\t\t\t\t\t<\/div>\n\t\t<\/div>\n\t\t\t\t\t\t\t<\/div>\n\t\t<\/section>\n\t\t\t\t<section class=\"elementor-section elementor-top-section elementor-element elementor-element-d7973a8 elementor-section-boxed elementor-section-height-default elementor-section-height-default\" data-id=\"d7973a8\" data-element_type=\"section\">\n\t\t\t\t\t\t<div class=\"elementor-container elementor-column-gap-default\">\n\t\t\t\t\t<div class=\"elementor-column elementor-col-100 elementor-top-column elementor-element elementor-element-33f2628\" data-id=\"33f2628\" data-element_type=\"column\">\n\t\t\t<div class=\"elementor-widget-wrap elementor-element-populated\">\n\t\t\t\t\t\t\t\t<div class=\"elementor-element elementor-element-afa5ece elementor-widget elementor-widget-image\" data-id=\"afa5ece\" data-element_type=\"widget\" data-widget_type=\"image.default\">\n\t\t\t\t<div class=\"elementor-widget-container\">\n\t\t\t\t\t\t\t\t\t\t\t\t\t\t\t<img width=\"604\" height=\"403\" src=\"http:\/\/www.ayfatibbicihazlar.com.tr\/wp-content\/uploads\/2022\/01\/pcb-1024x683.jpg\" class=\"attachment-large size-large\" alt=\"\" loading=\"lazy\" srcset=\"http:\/\/www.ayfatibbicihazlar.com.tr\/wp-content\/uploads\/2022\/01\/pcb-1024x683.jpg 1024w, http:\/\/www.ayfatibbicihazlar.com.tr\/wp-content\/uploads\/2022\/01\/pcb-300x200.jpg 300w, http:\/\/www.ayfatibbicihazlar.com.tr\/wp-content\/uploads\/2022\/01\/pcb-768x512.jpg 768w, http:\/\/www.ayfatibbicihazlar.com.tr\/wp-content\/uploads\/2022\/01\/pcb-1536x1024.jpg 1536w, http:\/\/www.ayfatibbicihazlar.com.tr\/wp-content\/uploads\/2022\/01\/pcb.jpg 1600w\" sizes=\"(max-width: 604px) 100vw, 604px\" \/>\t\t\t\t\t\t\t\t\t\t\t\t\t\t\t<\/div>\n\t\t\t\t<\/div>\n\t\t\t\t\t<\/div>\n\t\t<\/div>\n\t\t\t\t\t\t\t<\/div>\n\t\t<\/section>\n\t\t\t\t<section class=\"elementor-section elementor-top-section elementor-element elementor-element-bf9ef5b elementor-section-boxed elementor-section-height-default elementor-section-height-default\" data-id=\"bf9ef5b\" data-element_type=\"section\" data-settings=\"{&quot;background_background&quot;:&quot;classic&quot;}\">\n\t\t\t\t\t\t\t<div class=\"elementor-background-overlay\"><\/div>\n\t\t\t\t\t\t\t<div class=\"elementor-container elementor-column-gap-default\">\n\t\t\t\t\t<div class=\"elementor-column elementor-col-100 elementor-top-column elementor-element elementor-element-6e51def\" data-id=\"6e51def\" data-element_type=\"column\">\n\t\t\t<div class=\"elementor-widget-wrap elementor-element-populated\">\n\t\t\t\t\t\t\t\t<div class=\"elementor-element elementor-element-f755e56 elementor-widget elementor-widget-spacer\" data-id=\"f755e56\" data-element_type=\"widget\" data-widget_type=\"spacer.default\">\n\t\t\t\t<div class=\"elementor-widget-container\">\n\t\t\t\t\t<div class=\"elementor-spacer\">\n\t\t\t<div class=\"elementor-spacer-inner\"><\/div>\n\t\t<\/div>\n\t\t\t\t<\/div>\n\t\t\t\t<\/div>\n\t\t\t\t<div class=\"elementor-element elementor-element-08a67db elementor-widget elementor-widget-heading\" data-id=\"08a67db\" data-element_type=\"widget\" data-widget_type=\"heading.default\">\n\t\t\t\t<div class=\"elementor-widget-container\">\n\t\t\t<h2 class=\"elementor-heading-title elementor-size-default\"><span style=\"white-space: normal;\">AYFA T\u0131bbi Cihazlar<\/span><\/h2>\t\t<\/div>\n\t\t\t\t<\/div>\n\t\t\t\t<div class=\"elementor-element elementor-element-3a1940a elementor-widget elementor-widget-text-editor\" data-id=\"3a1940a\" data-element_type=\"widget\" data-widget_type=\"text-editor.default\">\n\t\t\t\t<div class=\"elementor-widget-container\">\n\t\t\t\t\t\t\t<p>Telefon: +90 (312) 395 18 80<br>E-Mail: info@ayfatibbicihazlar.com.t<br><\/p>\t\t\t\t\t\t<\/div>\n\t\t\t\t<\/div>\n\t\t\t\t<div class=\"elementor-element elementor-element-5be06cd elementor-shape-rounded elementor-grid-0 e-grid-align-center elementor-widget elementor-widget-social-icons\" data-id=\"5be06cd\" data-element_type=\"widget\" data-widget_type=\"social-icons.default\">\n\t\t\t\t<div class=\"elementor-widget-container\">\n\t\t\t\t\t<div class=\"elementor-social-icons-wrapper elementor-grid\">\n\t\t\t\t\t\t\t<span class=\"elementor-grid-item\">\n\t\t\t\t\t<a class=\"elementor-icon elementor-social-icon elementor-social-icon-facebook elementor-repeater-item-c2423a0\" href=\"http:\/\/www.facebook.com\/templatesnext\/\" target=\"_blank\">\n\t\t\t\t\t\t<span class=\"elementor-screen-only\">Facebook<\/span>\n\t\t\t\t\t\t\t\t\t\t\t\t\t<i class=\"fa fa-facebook\"><\/i>\n\t\t\t\t\t\t\t\t\t\t\t<\/a>\n\t\t\t\t<\/span>\n\t\t\t\t\t\t\t<span class=\"elementor-grid-item\">\n\t\t\t\t\t<a class=\"elementor-icon elementor-social-icon elementor-social-icon-twitter elementor-repeater-item-d0d8918\" target=\"_blank\">\n\t\t\t\t\t\t<span class=\"elementor-screen-only\">Twitter<\/span>\n\t\t\t\t\t\t\t\t\t\t\t\t\t<i class=\"fa fa-twitter\"><\/i>\n\t\t\t\t\t\t\t\t\t\t\t<\/a>\n\t\t\t\t<\/span>\n\t\t\t\t\t\t\t<span class=\"elementor-grid-item\">\n\t\t\t\t\t<a class=\"elementor-icon elementor-social-icon elementor-social-icon-google-plus elementor-repeater-item-1706f4d\" target=\"_blank\">\n\t\t\t\t\t\t<span class=\"elementor-screen-only\">Google-plus<\/span>\n\t\t\t\t\t\t\t\t\t\t\t\t\t<i class=\"fa fa-google-plus\"><\/i>\n\t\t\t\t\t\t\t\t\t\t\t<\/a>\n\t\t\t\t<\/span>\n\t\t\t\t\t\t\t<span class=\"elementor-grid-item\">\n\t\t\t\t\t<a class=\"elementor-icon elementor-social-icon elementor-social-icon-youtube elementor-repeater-item-5d13585\" target=\"_blank\">\n\t\t\t\t\t\t<span class=\"elementor-screen-only\">Youtube<\/span>\n\t\t\t\t\t\t\t\t\t\t\t\t\t<i class=\"fa fa-youtube\"><\/i>\n\t\t\t\t\t\t\t\t\t\t\t<\/a>\n\t\t\t\t<\/span>\n\t\t\t\t\t\t\t<span class=\"elementor-grid-item\">\n\t\t\t\t\t<a class=\"elementor-icon elementor-social-icon elementor-social-icon-github elementor-repeater-item-cc0f23a\" target=\"_blank\">\n\t\t\t\t\t\t<span class=\"elementor-screen-only\">Github<\/span>\n\t\t\t\t\t\t\t\t\t\t\t\t\t<i class=\"fa fa-github\"><\/i>\n\t\t\t\t\t\t\t\t\t\t\t<\/a>\n\t\t\t\t<\/span>\n\t\t\t\t\t<\/div>\n\t\t\t\t<\/div>\n\t\t\t\t<\/div>\n\t\t\t\t<div class=\"elementor-element elementor-element-891642e elementor-widget elementor-widget-spacer\" data-id=\"891642e\" data-element_type=\"widget\" data-widget_type=\"spacer.default\">\n\t\t\t\t<div class=\"elementor-widget-container\">\n\t\t\t\t\t<div class=\"elementor-spacer\">\n\t\t\t<div class=\"elementor-spacer-inner\"><\/div>\n\t\t<\/div>\n\t\t\t\t<\/div>\n\t\t\t\t<\/div>\n\t\t\t\t\t<\/div>\n\t\t<\/div>\n\t\t\t\t\t\t\t<\/div>\n\t\t<\/section>\n\t\t\t\t\t\t<\/div>\n\t\t\t\t\t<\/div>\n\t\t","protected":false},"excerpt":{"rendered":"<p>PCB Profesyonel ekipmanlar ile alan\u0131nda uzman ve e\u011fitimli personellerimiz ile PCB elektronik kart onar\u0131m hizmeti sunmaktay\u0131z. AYFA T\u0131bbi Cihazlar Telefon: +90 (312) 395 18 80 E-Mail: info@ayfatibbicihazlar.com.t Facebook Twitter Google-plus Youtube Github<\/p>\n","protected":false},"author":1,"featured_media":0,"parent":0,"menu_order":0,"comment_status":"closed","ping_status":"closed","template":"page_full-width.php","meta":[],"_links":{"self":[{"href":"http:\/\/www.ayfatibbicihazlar.com.tr\/index.php\/wp-json\/wp\/v2\/pages\/2575"}],"collection":[{"href":"http:\/\/www.ayfatibbicihazlar.com.tr\/index.php\/wp-json\/wp\/v2\/pages"}],"about":[{"href":"http:\/\/www.ayfatibbicihazlar.com.tr\/index.php\/wp-json\/wp\/v2\/types\/page"}],"author":[{"embeddable":true,"href":"http:\/\/www.ayfatibbicihazlar.com.tr\/index.php\/wp-json\/wp\/v2\/users\/1"}],"replies":[{"embeddable":true,"href":"http:\/\/www.ayfatibbicihazlar.com.tr\/index.php\/wp-json\/wp\/v2\/comments?post=2575"}],"version-history":[{"count":4,"href":"http:\/\/www.ayfatibbicihazlar.com.tr\/index.php\/wp-json\/wp\/v2\/pages\/2575\/revisions"}],"predecessor-version":[{"id":2580,"href":"http:\/\/www.ayfatibbicihazlar.com.tr\/index.php\/wp-json\/wp\/v2\/pages\/2575\/revisions\/2580"}],"wp:attachment":[{"href":"http:\/\/www.ayfatibbicihazlar.com.tr\/index.php\/wp-json\/wp\/v2\/media?parent=2575"}],"curies":[{"name":"wp","href":"https:\/\/api.w.org\/{rel}","templated":true}]}}